{"id":16765,"date":"2019-01-10T08:12:15","date_gmt":"2019-01-10T06:12:15","guid":{"rendered":"https:\/\/www.artegrup.ro\/gdpr\/"},"modified":"2019-01-24T23:13:06","modified_gmt":"2019-01-24T21:13:06","slug":"gdpr","status":"publish","type":"page","link":"https:\/\/www.artegrup.ro\/en\/gdpr\/","title":{"rendered":"General Safety Policy (GDPR)"},"content":{"rendered":"<div class=\"wpb-content-wrapper\"><p>[vc_row][vc_column][vc_column_text]<\/p>\n<h2 style=\"text-align: center;\"><strong>POLITICA GENERAL\u0102 DE PROTEC\u021aIE A DATELOR CU CARACTER PERSONAL<\/strong><\/h2>\n<p>&nbsp;<\/p>\n<h3><img loading=\"lazy\" decoding=\"async\" class=\"wp-image-16227 alignleft\" src=\"http:\/\/www.artegrup.ro\/wp-content\/uploads\/2019\/01\/gdpr-compliance-300x150.png\" alt=\"\" width=\"322\" height=\"161\" \/>Politica de confiden\u021bialitate<\/h3>\n<p>Prezenta Politica de confidentialitate vizeaza numai clientii <span class=\"s1\"><strong>Arte Grup Print S.R.L.<\/strong><\/span> \u015fi utilizatorii serviciilor noastre online, respectiv vizitatorii website-ului nostru www.artegrup.ro.\u00a0\u00cen \u00een\u021belesul prezentei Politici, prin \u201cRegulamentu General Privind Protec\u021bia Datelor\u201d (GDPR) se \u00een\u021belege Regulamentul (UE) 2016\/679 al Parlamentului European \u0219i al Consiliului din 27 aprilie 2016 privind protec\u021bia persoanelor fizice \u00een ceea ce prive\u0219te prelucrarea datelor cu caracter personal \u0219i privind libera circula\u021bie a acestor date \u0219i de abrogare a Directivei 95\/46\/CE, publicat \u00een Jurnalul Oficial al Uniunii Europene L 119 (4.5.2016) \u0219i aplicabil de la 25 mai 2018.<\/p>\n<h3><\/h3>\n<h3>Asigurarea legalit\u0103\u021bii prelucr\u0103rii, \u00een acord cu dispozi\u021biile art. 5 alin, 1 lit a) prin raportare la dispozi\u021biile art. 6 din GDPR<\/h3>\n<p>Orice opera\u021biune de prelucrare se realizeaz\u0103 \u00een mod legal, echitabil \u0219i transparent.\u00a0\u00cen acest scop, persoana vizat\u0103, careia i se prelucreaza datele va fi informat\u0103 \u00eentr-un limbaj clar, simplu \u0219i concis asupra semnifica\u021biei no\u021biunii de \u201cprelucrare\u201d \u0219i \u00eei vor fi aduse la cuno\u0219tin\u021b\u0103\u00a0 toate informa\u021biile \u0219i drepturile prev\u0103zute la art. 13 din GDPR, respectiv la art. 14 din GDPR, dup\u0103 cum datele sale personale sunt colectate direct sau din alt\u0103 surs\u0103.\u00a0Astfel, persoanei vizate \u00eei vor fi comunicate datele de identificare ale operatorului, datele sale de contact, care vor fi disponibile \u00een permanen\u021b\u0103 pe pagina de internet a societ\u0103\u021bii, la <a href=\"http:\/\/www.artegrup.ro\/contact\">http:\/\/www.artegrup.ro\/contact<\/a>, \u0219i de asemenea, scopurile \u00een care sunt prelucrate datele \u0219i temeiul juridic al prelucr\u0103rii, cu explicitarea intereselor legitime ale societ\u0103\u021bii, care servesc drept temei al prelucr\u0103rii, perioada de stocare \u0219i criteriile utilizate \u00een stabilirea acestei perioade, destinatarii datelor \u0219i eventual, inten\u021bia societ\u0103\u021bii de a-i transfera datele c\u0103tre o \u021bar\u0103 ter\u021b\u0103 sau organiza\u021bie interna\u021bional\u0103.<\/p>\n<p>Persoana vizat\u0103 va fi informat\u0103 cu privire drepturile sale, dup\u0103 cum urmeaz\u0103:<\/p>\n<ul>\n<li>dreptul de a avea acces la datele sale cu caracter personal, astfel cum figureaz\u0103 \u00een eviden\u021ba societ\u0103\u021bii \u0219i de a solicita informa\u021bii privind modul \u0219i scopul \u00een care sunt prelucrate, conform art. 15 din GDPR,<\/li>\n<li>dreptul de a solicita rectificarea\/corectarea\/completarea datelor sale, de a se opune prelucr\u0103rii acestora total\/par\u021bial, de a solicita \u015ftergerea acestora sau restric\u0163ionarea prelucr\u0103rii, f\u0103r\u0103 a afecta legalitatea prelucr\u0103rii efectuate pe baza consim\u0163\u0103m\u00e2ntului \u00eenainte de retragerea acestuia, conform art. 17-18 \u0219i art. 21 din GDPR,<\/li>\n<li>dreptul la portabilitatea datelor, const\u00e2nd \u00een posibilitatea\u00a0 de a cere transmiterea datelor la un alt operator, conform art 20 din GDPR,<\/li>\n<li>dreptul a se adresa autorit\u0103\u021bii de supraveghere cu o sesizare\/pl\u00e2ngere \u00eempotriva societ\u0103\u021bii, \u00een ipoteza \u00een care apreciaz\u0103 c\u0103 aceasta prelucreaz\u0103 datele sale personale cu nerespectarea legisla\u021biei \u00een vigoare, conform art. 77 din GDPR,<\/li>\n<li>dreptul de a i se solu\u021biona solicit\u0103rile privind datele sale personale \u00eentr-un termen rezonabil \u0219i de a fi informat\u0103 cu privire la eventualele m\u0103suri adoptate \u00een raport de solicitarea sa, conform art. 12 \u0219i 19 din GDPR,<\/li>\n<li>dreptul de a fi informat\u0103 \u00een cazul \u00eenc\u0103lc\u0103rii securit\u0103\u021bii datelor sale personale, de natur\u0103 a-i pune sub un risc ridicat drepturile \u0219i interesele, conform dispozi\u021biilor art. 34 din GDPR.<\/li>\n<\/ul>\n<p>\u00cen cazul datelor ob\u021binute direct de la persoana vizat\u0103, prelucrarea se face numai ulterior ob\u021binerii consim\u021b\u0103m\u00e2ntului acesteia.\u00a0\u00cen cazul datelor care nu au fost ob\u021binute de la persoana vizat\u0103 ci din alt\u0103 surs\u0103, \u00eendeplinirea obliga\u021biei de informare \u0219i de comunicare a drepturilor se face \u00een termen de 10 zile de la colectarea datelor sale, cu posibilitatea prelungirii acestui termen \u00een func\u021bie de volumul solicit\u0103rilor, probleme tehnice\/organizatorice din cadrul societ\u0103\u021bii \u0219i alte asemenea, dar nu mai t\u00e2rziu de o lun\u0103 de la colectare sau dup\u0103 caz, cu observarea dispozi\u021biilor art. 14 alin. (3) lit b) \u0219i c) din GDPR.<\/p>\n<h3>Proceduri \u0219i m\u0103suri \u00een vederea respect\u0103rii drepturilor persoanelor vizate<\/h3>\n<p>\u00cen acord cu dispozi\u021biile art. 12 din GDPR, \u00een vederea inform\u0103rii corecte \u0219i complete a persoanei vizatei, fiecare persoan\u0103 implicat\u0103 \u00een fluxul intern de date este instruit\u0103 cu privire la obliga\u021biile care \u00eei revin potrivit dispozi\u021biilor GDPR \u0219i a legisla\u021biei na\u021bionale, prin raportare la procedurile \u0219i m\u0103surile stabilite prin prezenta politica \u0219i prin fi\u0219ele de post.<\/p>\n<h3>Preluarea solicit\u0103rilor persoanei vizate. Procedura \u0219i termenele de solu\u021bionare a acestora<\/h3>\n<p>La momentul prelu\u0103rii oric\u0103rei solicit\u0103ri, departamentul solitat va verifica identitatea solicitantului. Dac\u0103 solicitarea este transmis\u0103 \u00een scris (fizic\/prin e-mail sau alte mijloace scrise de comunicare) \u0219i prezint\u0103 cel pu\u021bin numele, prenumele, seria \u0219i num\u0103rul actului de identitate\/CNP, \u00a0adresa\/datele de contact pentru comunicarea r\u0103spunsului se consider\u0103 c\u0103 solicitantul este identificat corespunz\u0103tor.<\/p>\n<p>Dac\u0103 solicitantul nu indic\u0103 suficiente date pentru identificarea sa, nu se va da curs solicit\u0103rii.<\/p>\n<p>\u00cen ipoteza \u00een care, cu prilejul formul\u0103rii unei solicit\u0103ri, solicitantul furnizeaz\u0103 mai multe date personale dec\u00e2t cele prelucrate deja de c\u0103tre societate, iar datele noi furnizate exced datelor ar\u0103tate mai sus pentru identificare, acestea vor fi p\u0103strate strict \u00een cuprinsul solicit\u0103rii transmise, spre a fi prezentate ulterior c\u0103tre ANSPDCP sau instan\u021belor judec\u0103tore\u0219ti \u00een caz de control\/pl\u00e2ngere\/litigiu, f\u0103r\u0103 a mai fi prelucrate ulterior \u00een alte scopuri. \u00cen acela\u0219i mod se va proceda \u0219i \u00een cazul datelor furnizate de solicitantul ale c\u0103rui date nu au fost prelucrate niciodat\u0103 de c\u0103tre societate.<\/p>\n<p>\u00cen cazul solicit\u0103rilor transmise telefonic se va \u00eentomi un referat, identific\u00e2ndu-se corespunz\u0103tor solicitantul, persoana care preia solicitarea, inser\u00e2ndu-se \u00een mod clar \u0219i detaliat solicitarea, datele de contact la care se solicit\u0103 comunicarea r\u0103spunsului, \u0219i eventual, dac\u0103 r\u0103spunsul a fost oferit pe loc, detalierea informa\u021biilor furnizate.<\/p>\n<p>\u00cen cazul\u00a0 solicit\u0103rilor transmise telefonic sau prin alte mijloace de comunicare la distan\u021b\u0103, dac\u0103 departamentul solicitat are dubii asupra identit\u0103\u021bii solicitantului, chiar \u0219i \u00een urma oferirii de c\u0103tre aceasta din a urm\u0103 a unor date suplimentare de verificare a identit\u0103\u021bii sale, responsabilul de department va cere solicitantului formularea cererii sale \u00een scris \u0219i \u00eei va comunica adresa\/datele de contact la care acestea vor fi expediate.<\/p>\n<p>\u00cen cazul \u00een care, exist\u0103 cel pu\u021bin trei solicit\u0103ri viz\u00e2nd datele aceleia\u0219i persoane, formulate \u00eentr-un interval scurt, de o persoan\u0103 care nu se identific\u0103 \u00een mod adecvat la solicitarea departamentului vizat, \u00een acest caz vor fi informa\u021bi membrii conducerii societ\u0103\u021bii, care vor decide, dup\u0103 \u00eemprejur\u0103ri, comunicarea acestei situa\u021bii c\u0103tre persoana vizat\u0103 de solicit\u0103ri \u0219i eventual, se vor lua \u00een discu\u021bie probabilit\u0103\u021bile de risc ale unor asemenea solicit\u0103ri \u0219i se vor\u00a0 adopta m\u0103suri adecvate de securitate.<\/p>\n<p>\u00cen cazul tuturor solicit\u0103rilor \u00een care solicitantul nu se identific\u0103 \u00een mod corespunz\u0103tor se va \u00eentocmi un referat care va cuprinde urm\u0103toarele elemente: datele de identificare ale solicitantului, astfel cum au fost furnizate, datele de identificare ale persoanei care \u00eentocme\u0219te referatul, se vor detalia solicitarea \u0219i toate \u00eemprejur\u0103rile care nasc dubii rezonabile cu privire la identitatea real\u0103 a solicitantului. \u00cen referat se va men\u021biona ce date suplimentare au fost cerute solicitantului, dac\u0103 i s-au comunicat datele de contact la care le poate transmite \u0219i r\u0103spunsul\/lipsa r\u0103spunsului solicitantului la cererea formulat\u0103 de departamentul solicitat.<\/p>\n<p>Orice solicit\u0103ri ale persoanei vizate cu referire la dreptrurile ce \u00eei sunt recunoscute prin GDPR \u0219i de legisla\u021bia na\u021bional\u0103 vor fi solu\u021bionate \u00eentr-un termen rezonabil, recomandat \u00een 10 zile de la primire.<\/p>\n<p>Persoana vizat\u0103 va fi informat\u0103 cu privire la m\u0103surile adoptate \u00een raport de solicitarea sa \u00een cel mult o lun\u0103, cu posibilitatea prelungirii acestui termen la dou\u0103 luni, \u00een situa\u021bia \u00een care volumul \u0219i complexitatea solicit\u0103rilor adresate departamentului responsabil de transmiterea r\u0103spunsului, problemele tehnice\/organizatorice \u0219i alte asemenea de la nivelul societ\u0103\u021bii nu permit transmiterea r\u0103spunsului \u00een termenul de o lun\u0103.<\/p>\n<p>M\u0103surile corespunz\u0103toare solicit\u0103rii persoanei vizate vor fi adoptate de c\u0103tre membrii conducerii societ\u0103\u021bii \u0219i vor fi implementate de departamentele implicate \u00een prelucrare, conform instruc\u021biunilor acestora.<\/p>\n<p>Responsabilii de departamente solicitate, sau care au luat la cuno\u0219tin\u021b\u0103 despre o solicitate care ar face necesar\u0103 adoptarea unor m\u0103suri interne \u00een departamentul de care sunt responsabili, vor informa de \u00eendat\u0103 membrii conducerii societ\u0103\u021bii.<\/p>\n<p>\u00cen cazul \u00een care, din orice motiv, solicitarea persoanei vizate nu atrage adoptarea unor m\u0103suri interne, \u00een termen de cel mult o lun\u0103 de la primirea solicit\u0103rii, departamentul responsabil va informa persoana vizat\u0103 cu privire la acest lucru, cu ar\u0103tarea motivelor,. Totodat\u0103 persoana vizat\u0103 va fi informat\u0103 cu privire la dreptul s\u0103u de a formula pl\u00e2ngere \u00eempotriva societ\u0103\u021bii la ANSPDCP sau de a se adresa instan\u021belor judec\u0103tore\u0219ti.<\/p>\n<p>\u00cen toate situa\u021biile \u00een care solu\u021bionarea solicit\u0103rii\u00a0 de c\u0103tre departramentul responsabil nu s-ar putea realiza \u00een cadrul termenelor de dou\u0103 luni, \u0219i respectiv o lun\u0103, acesta va comunica membrilor conducerii, cu cel pu\u021bin o s\u0103pt\u0103m\u00e2n\u0103, respectiv dou\u0103 s\u0103pt\u0103m\u00e2ni anterior \u00eemplinirii acestor termene, aceast\u0103 situa\u021bie. Membrii conducerii vor lua m\u0103surile rezonabile pentru a desemna alte persoane din cadrul societ\u0103\u021bii, care vor r\u0103spunde \u00een termen solicit\u0103rilor.<\/p>\n<p>\u00cen cazul \u00een care solicitarea persoanei vizate prive\u0219te furnizarea de informa\u021bii cu privire la modul, scopul \u0219i opera\u021biunie de prelucrare a datelor sale, date care sunt prelucrate de mai multe departamente ale societ\u0103\u021bii, acestea \u00ee\u0219i vor da concursul la respectarea termenelor de r\u0103spuns\/solu\u021bionare, sub \u00eendrumarea membrilor conducerii societ\u0103\u021bii.<\/p>\n<p>\u00cen cazul opozi\u021biilor la prelucrare, a solicitarilor de \u015ftergerea datelor, a celor de restric\u0163ionare a prelucr\u0103rii, \u0219i de portare a datelor, solicit\u0103rile vor transmise de \u00eendat\u0103 membrilor conducerii societ\u0103\u021bii, urm\u00e2nd a fi solu\u021bionate conform deciziei \u0219i instruc\u021biunilor acestora.<\/p>\n<p>\u00cen orice moment \u00een care \u00eent\u00e2lnesc dificult\u0103\u021bi \u00een a r\u0103spunde\/a solu\u021biona solicit\u0103rile persoanei vizate, responsabilii de departamente se vor adresa membrilor conducerii societ\u0103\u021bii, ace\u0219tia urmand a-\u0219i oferi sprijinul \u00een l\u0103murirea\/solu\u021bionarea corespunz\u0103toare a situa\u021biilor semnalate.<\/p>\n<p>Orice inform\u0103ri\/comunic\u0103ri\/r\u0103spunsuri c\u0103tre persoana vizat\u0103 se vor face \u00een scris, \u00eentr-un mod transparent, concis, inteligibil, u\u0219or accesibil \u0219i \u00een mod gratuit. \u00cen m\u0103sura \u00een care persoana vizat\u0103 solicit\u0103 expres o anumit\u0103 modalitate de comunicare, \u00een m\u0103sura \u00een care nu este inaccesibil\u0103 societ\u0103\u021bii ori nerezonabil de costisitoare, comunicarea se va realiza conform solicit\u0103rii. Persoana vizat\u0103 poate solicita orice modalitate de comunicare, indiferent de costuri, dac\u0103 achit\u0103 costurile aferente comunic\u0103rii.<\/p>\n<p>Prin excep\u021bie, \u00een situa\u021bia \u00een care solicit\u0103rile persoanei vizate sunt v\u0103dit nefondate sau excesive, \u00een special din cauza caracterului lor repetitiv, societatea va percepe o tax\u0103 rezonabil\u0103, \u021bin\u00e2nd cont de costurile administrative pentru furnizarea informa\u021biilor sau pentru luarea m\u0103surilor solicitate, \u00een baza dispozi\u021biilor art. 12 alin. (5) lit. a) din GDPR, urm\u00e2nd ca aceste costuri s\u0103 fie explicitate\/justificate la cererea solicitantului. Dup\u0103 \u00eemprejur\u0103ri, \u00een cazul solicit\u0103rilor v\u0103dit nefondate societatea, prin membrii conducerii, va putea refuza s\u0103 dea curs solicit\u0103rii, \u00een acord cu dispozi\u021biile art. 12 alin. (5) lit. b) din GDPR. \u00cen aceast\u0103 din urm\u0103 situa\u021bie, departamentul solicitat va \u00eentocmi un referat \u00een care se vor indica: datele de identificare ale solicitantului, datele de identificare ale persoanei care \u00eentocme\u0219te referatul, \u0219i se vor detalia toate \u00eemprejur\u0103rile care dovedesc caracterul v\u0103dit nefondat sau excesiv al solicit\u0103rii (se vor indica, spre exemplu, solicit\u0103rile anterioare av\u00e2nd acela\u0219i obiect \u0219i r\u0103spunsurile transmise la acestea).[\/vc_column_text][\/vc_column][\/vc_row]<\/p>\n<\/div>","protected":false},"excerpt":{"rendered":"<p>[vc_row][vc_column][vc_column_text] POLITICA GENERAL\u0102 DE PROTEC\u021aIE A DATELOR CU CARACTER PERSONAL &nbsp; Politica de confiden\u021bialitate Prezenta Politica de confidentialitate vizeaza numai clientii Arte Grup Print S.R.L. \u015fi utilizatorii serviciilor noastre online, respectiv vizitatorii website-ului nostru www.artegrup.ro.\u00a0\u00cen \u00een\u021belesul prezentei Politici, prin \u201cRegulamentu General Privind Protec\u021bia Datelor\u201d (GDPR) se \u00een\u021belege Regulamentul (UE) 2016\/679 al Parlamentului European \u0219i al Consiliului din 27 aprilie 2016 privind protec\u021bia persoanelor fizice \u00een ceea ce prive\u0219te prelucrarea datelor cu caracter personal \u0219i privind libera circula\u021bie a acestor date \u0219i de abrogare a Directivei 95\/46\/CE, publicat \u00een Jurnalul Oficial al Uniunii Europene L 119 (4.5.2016) \u0219i aplicabil de la 25 mai 2018. Asigurarea legalit\u0103\u021bii prelucr\u0103rii, \u00een acord cu dispozi\u021biile art. 5 alin, 1 lit a) prin raportare la dispozi\u021biile art. 6 din GDPR Orice opera\u021biune de prelucrare se realizeaz\u0103 \u00een mod legal, echitabil \u0219i transparent.\u00a0\u00cen acest scop, persoana vizat\u0103, careia i se prelucreaza datele va fi informat\u0103 \u00eentr-un limbaj clar, simplu \u0219i concis asupra semnifica\u021biei no\u021biunii de \u201cprelucrare\u201d \u0219i \u00eei vor fi aduse la cuno\u0219tin\u021b\u0103\u00a0 toate informa\u021biile \u0219i drepturile prev\u0103zute la art. 13 din GDPR, respectiv la art. 14 din GDPR, dup\u0103 cum datele sale personale sunt colectate direct sau din alt\u0103 surs\u0103.\u00a0Astfel, persoanei vizate \u00eei vor fi comunicate [&hellip;]<\/p>\n","protected":false},"author":1,"featured_media":0,"parent":0,"menu_order":0,"comment_status":"closed","ping_status":"closed","template":"","meta":{"footnotes":""},"class_list":["post-16765","page","type-page","status-publish","hentry"],"yoast_head":"<!-- This site is optimized with the Yoast SEO plugin v27.4 - https:\/\/yoast.com\/product\/yoast-seo-wordpress\/ -->\n<title>www.artegrup.ro | Arte Grup - General Safety Policy (GDPR).<\/title>\n<meta name=\"description\" content=\"www.artegrup.ro | Arte Grup - General Safety Policy (GDPR).\" \/>\n<meta name=\"robots\" content=\"index, follow, max-snippet:-1, max-image-preview:large, max-video-preview:-1\" \/>\n<link rel=\"canonical\" href=\"https:\/\/www.artegrup.ro\/en\/gdpr\/\" \/>\n<meta property=\"og:locale\" content=\"en_US\" \/>\n<meta property=\"og:type\" content=\"article\" \/>\n<meta property=\"og:title\" content=\"www.artegrup.ro | Arte Grup - General Safety Policy (GDPR).\" \/>\n<meta property=\"og:description\" content=\"www.artegrup.ro | Arte Grup - General Safety Policy (GDPR).\" \/>\n<meta property=\"og:url\" content=\"https:\/\/www.artegrup.ro\/en\/gdpr\/\" \/>\n<meta property=\"og:site_name\" content=\"www.artegrup.ro\" \/>\n<meta property=\"article:publisher\" content=\"https:\/\/www.facebook.com\/artegrup\/\" \/>\n<meta property=\"article:modified_time\" content=\"2019-01-24T21:13:06+00:00\" \/>\n<meta property=\"og:image\" content=\"http:\/\/www.artegrup.ro\/wp-content\/uploads\/2019\/01\/gdpr-compliance-300x150.png\" \/>\n<meta name=\"twitter:card\" content=\"summary_large_image\" \/>\n<meta name=\"twitter:label1\" content=\"Est. reading time\" \/>\n\t<meta name=\"twitter:data1\" content=\"10 minutes\" \/>\n<script type=\"application\/ld+json\" class=\"yoast-schema-graph\">{\"@context\":\"https:\\\/\\\/schema.org\",\"@graph\":[{\"@type\":\"WebPage\",\"@id\":\"https:\\\/\\\/www.artegrup.ro\\\/en\\\/gdpr\\\/\",\"url\":\"https:\\\/\\\/www.artegrup.ro\\\/en\\\/gdpr\\\/\",\"name\":\"www.artegrup.ro | Arte Grup - General Safety Policy (GDPR).\",\"isPartOf\":{\"@id\":\"https:\\\/\\\/www.artegrup.ro\\\/en\\\/#website\"},\"primaryImageOfPage\":{\"@id\":\"https:\\\/\\\/www.artegrup.ro\\\/en\\\/gdpr\\\/#primaryimage\"},\"image\":{\"@id\":\"https:\\\/\\\/www.artegrup.ro\\\/en\\\/gdpr\\\/#primaryimage\"},\"thumbnailUrl\":\"http:\\\/\\\/www.artegrup.ro\\\/wp-content\\\/uploads\\\/2019\\\/01\\\/gdpr-compliance-300x150.png\",\"datePublished\":\"2019-01-10T06:12:15+00:00\",\"dateModified\":\"2019-01-24T21:13:06+00:00\",\"description\":\"www.artegrup.ro | Arte Grup - General Safety Policy (GDPR).\",\"breadcrumb\":{\"@id\":\"https:\\\/\\\/www.artegrup.ro\\\/en\\\/gdpr\\\/#breadcrumb\"},\"inLanguage\":\"en-US\",\"potentialAction\":[{\"@type\":\"ReadAction\",\"target\":[\"https:\\\/\\\/www.artegrup.ro\\\/en\\\/gdpr\\\/\"]}]},{\"@type\":\"ImageObject\",\"inLanguage\":\"en-US\",\"@id\":\"https:\\\/\\\/www.artegrup.ro\\\/en\\\/gdpr\\\/#primaryimage\",\"url\":\"http:\\\/\\\/www.artegrup.ro\\\/wp-content\\\/uploads\\\/2019\\\/01\\\/gdpr-compliance-300x150.png\",\"contentUrl\":\"http:\\\/\\\/www.artegrup.ro\\\/wp-content\\\/uploads\\\/2019\\\/01\\\/gdpr-compliance-300x150.png\"},{\"@type\":\"BreadcrumbList\",\"@id\":\"https:\\\/\\\/www.artegrup.ro\\\/en\\\/gdpr\\\/#breadcrumb\",\"itemListElement\":[{\"@type\":\"ListItem\",\"position\":1,\"name\":\"Home\",\"item\":\"https:\\\/\\\/www.artegrup.ro\\\/en\\\/\"},{\"@type\":\"ListItem\",\"position\":2,\"name\":\"General Safety Policy (GDPR)\"}]},{\"@type\":\"WebSite\",\"@id\":\"https:\\\/\\\/www.artegrup.ro\\\/en\\\/#website\",\"url\":\"https:\\\/\\\/www.artegrup.ro\\\/en\\\/\",\"name\":\"www.artegrup.ro\",\"description\":\"Labels & Packaging Company\",\"publisher\":{\"@id\":\"https:\\\/\\\/www.artegrup.ro\\\/en\\\/#organization\"},\"potentialAction\":[{\"@type\":\"SearchAction\",\"target\":{\"@type\":\"EntryPoint\",\"urlTemplate\":\"https:\\\/\\\/www.artegrup.ro\\\/en\\\/?s={search_term_string}\"},\"query-input\":{\"@type\":\"PropertyValueSpecification\",\"valueRequired\":true,\"valueName\":\"search_term_string\"}}],\"inLanguage\":\"en-US\"},{\"@type\":\"Organization\",\"@id\":\"https:\\\/\\\/www.artegrup.ro\\\/en\\\/#organization\",\"name\":\"Arte Grup Print s.r.l.\",\"url\":\"https:\\\/\\\/www.artegrup.ro\\\/en\\\/\",\"logo\":{\"@type\":\"ImageObject\",\"inLanguage\":\"en-US\",\"@id\":\"https:\\\/\\\/www.artegrup.ro\\\/en\\\/#\\\/schema\\\/logo\\\/image\\\/\",\"url\":\"https:\\\/\\\/www.artegrup.ro\\\/wp-content\\\/uploads\\\/2018\\\/12\\\/Logo-ipad-mini-76-x-76.png\",\"contentUrl\":\"https:\\\/\\\/www.artegrup.ro\\\/wp-content\\\/uploads\\\/2018\\\/12\\\/Logo-ipad-mini-76-x-76.png\",\"width\":76,\"height\":32,\"caption\":\"Arte Grup Print s.r.l.\"},\"image\":{\"@id\":\"https:\\\/\\\/www.artegrup.ro\\\/en\\\/#\\\/schema\\\/logo\\\/image\\\/\"},\"sameAs\":[\"https:\\\/\\\/www.facebook.com\\\/artegrup\\\/\",\"https:\\\/\\\/www.linkedin.com\\\/company\\\/arte-grup-print\"]}]}<\/script>\n<!-- \/ Yoast SEO plugin. -->","yoast_head_json":{"title":"www.artegrup.ro | Arte Grup - General Safety Policy (GDPR).","description":"www.artegrup.ro | Arte Grup - General Safety Policy (GDPR).","robots":{"index":"index","follow":"follow","max-snippet":"max-snippet:-1","max-image-preview":"max-image-preview:large","max-video-preview":"max-video-preview:-1"},"canonical":"https:\/\/www.artegrup.ro\/en\/gdpr\/","og_locale":"en_US","og_type":"article","og_title":"www.artegrup.ro | Arte Grup - General Safety Policy (GDPR).","og_description":"www.artegrup.ro | Arte Grup - General Safety Policy (GDPR).","og_url":"https:\/\/www.artegrup.ro\/en\/gdpr\/","og_site_name":"www.artegrup.ro","article_publisher":"https:\/\/www.facebook.com\/artegrup\/","article_modified_time":"2019-01-24T21:13:06+00:00","og_image":[{"url":"http:\/\/www.artegrup.ro\/wp-content\/uploads\/2019\/01\/gdpr-compliance-300x150.png","type":"","width":"","height":""}],"twitter_card":"summary_large_image","twitter_misc":{"Est. reading time":"10 minutes"},"schema":{"@context":"https:\/\/schema.org","@graph":[{"@type":"WebPage","@id":"https:\/\/www.artegrup.ro\/en\/gdpr\/","url":"https:\/\/www.artegrup.ro\/en\/gdpr\/","name":"www.artegrup.ro | Arte Grup - General Safety Policy (GDPR).","isPartOf":{"@id":"https:\/\/www.artegrup.ro\/en\/#website"},"primaryImageOfPage":{"@id":"https:\/\/www.artegrup.ro\/en\/gdpr\/#primaryimage"},"image":{"@id":"https:\/\/www.artegrup.ro\/en\/gdpr\/#primaryimage"},"thumbnailUrl":"http:\/\/www.artegrup.ro\/wp-content\/uploads\/2019\/01\/gdpr-compliance-300x150.png","datePublished":"2019-01-10T06:12:15+00:00","dateModified":"2019-01-24T21:13:06+00:00","description":"www.artegrup.ro | Arte Grup - General Safety Policy (GDPR).","breadcrumb":{"@id":"https:\/\/www.artegrup.ro\/en\/gdpr\/#breadcrumb"},"inLanguage":"en-US","potentialAction":[{"@type":"ReadAction","target":["https:\/\/www.artegrup.ro\/en\/gdpr\/"]}]},{"@type":"ImageObject","inLanguage":"en-US","@id":"https:\/\/www.artegrup.ro\/en\/gdpr\/#primaryimage","url":"http:\/\/www.artegrup.ro\/wp-content\/uploads\/2019\/01\/gdpr-compliance-300x150.png","contentUrl":"http:\/\/www.artegrup.ro\/wp-content\/uploads\/2019\/01\/gdpr-compliance-300x150.png"},{"@type":"BreadcrumbList","@id":"https:\/\/www.artegrup.ro\/en\/gdpr\/#breadcrumb","itemListElement":[{"@type":"ListItem","position":1,"name":"Home","item":"https:\/\/www.artegrup.ro\/en\/"},{"@type":"ListItem","position":2,"name":"General Safety Policy (GDPR)"}]},{"@type":"WebSite","@id":"https:\/\/www.artegrup.ro\/en\/#website","url":"https:\/\/www.artegrup.ro\/en\/","name":"www.artegrup.ro","description":"Labels & Packaging Company","publisher":{"@id":"https:\/\/www.artegrup.ro\/en\/#organization"},"potentialAction":[{"@type":"SearchAction","target":{"@type":"EntryPoint","urlTemplate":"https:\/\/www.artegrup.ro\/en\/?s={search_term_string}"},"query-input":{"@type":"PropertyValueSpecification","valueRequired":true,"valueName":"search_term_string"}}],"inLanguage":"en-US"},{"@type":"Organization","@id":"https:\/\/www.artegrup.ro\/en\/#organization","name":"Arte Grup Print s.r.l.","url":"https:\/\/www.artegrup.ro\/en\/","logo":{"@type":"ImageObject","inLanguage":"en-US","@id":"https:\/\/www.artegrup.ro\/en\/#\/schema\/logo\/image\/","url":"https:\/\/www.artegrup.ro\/wp-content\/uploads\/2018\/12\/Logo-ipad-mini-76-x-76.png","contentUrl":"https:\/\/www.artegrup.ro\/wp-content\/uploads\/2018\/12\/Logo-ipad-mini-76-x-76.png","width":76,"height":32,"caption":"Arte Grup Print s.r.l."},"image":{"@id":"https:\/\/www.artegrup.ro\/en\/#\/schema\/logo\/image\/"},"sameAs":["https:\/\/www.facebook.com\/artegrup\/","https:\/\/www.linkedin.com\/company\/arte-grup-print"]}]}},"_links":{"self":[{"href":"https:\/\/www.artegrup.ro\/en\/wp-json\/wp\/v2\/pages\/16765","targetHints":{"allow":["GET"]}}],"collection":[{"href":"https:\/\/www.artegrup.ro\/en\/wp-json\/wp\/v2\/pages"}],"about":[{"href":"https:\/\/www.artegrup.ro\/en\/wp-json\/wp\/v2\/types\/page"}],"author":[{"embeddable":true,"href":"https:\/\/www.artegrup.ro\/en\/wp-json\/wp\/v2\/users\/1"}],"replies":[{"embeddable":true,"href":"https:\/\/www.artegrup.ro\/en\/wp-json\/wp\/v2\/comments?post=16765"}],"version-history":[{"count":2,"href":"https:\/\/www.artegrup.ro\/en\/wp-json\/wp\/v2\/pages\/16765\/revisions"}],"predecessor-version":[{"id":16841,"href":"https:\/\/www.artegrup.ro\/en\/wp-json\/wp\/v2\/pages\/16765\/revisions\/16841"}],"wp:attachment":[{"href":"https:\/\/www.artegrup.ro\/en\/wp-json\/wp\/v2\/media?parent=16765"}],"curies":[{"name":"wp","href":"https:\/\/api.w.org\/{rel}","templated":true}]}}